{"id":67,"date":"2017-06-17T06:17:45","date_gmt":"2017-06-17T06:17:45","guid":{"rendered":"http:\/\/pwtemplates.de\/?post_type=product&#038;p=67"},"modified":"2018-01-25T17:20:26","modified_gmt":"2018-01-25T17:20:26","slug":"loremipsum-onepage-template-de","status":"publish","type":"product","link":"https:\/\/pwtemplates.de\/?product=loremipsum-onepage-template-de&lang=de","title":{"rendered":"LoremIpsum Onepage Template"},"content":{"rendered":"<h1 style=\"margin-bottom: 0px;\">didhavn-loremipsum-onepage v1.0.1<\/h1>\n<h3 style=\"margin-top: 0px;\">ProcessWire 3.x.xx Blog Template<\/h3>\n<h4>Demo<\/h4>\n<p><a href=\"http:\/\/templates.didhavn-loremipsum-onepage.demo.pwtemplates.de\/\" target=\"_blank\" rel=\"noopener\">http:\/\/templates.didhavn-loremipsum-onepage.demo.pwtemplates.de\/<\/a><br \/>\n<a href=\"http:\/\/templates.didhavn-loremipsum-onepage.demo.pwtemplates.de\/admin\" target=\"_blank\" rel=\"noopener\">http:\/\/templates.didhavn-loremipsum-onepage.demo.pwtemplates.de\/admin<\/a><\/p>\n<ul>\n<li>user: testadmin<\/li>\n<li>password: l3tm3t3stit<\/li>\n<\/ul>\n<h4>Beschreibung<\/h4>\n<p>Das <strong>didhavn-loremipsum-onepage<\/strong> Template ist ein komplett responsive, sehr flexibel designtes ProcessWire 3.xx.x Onepage-Template.<\/p>\n<p>Es ist leicht auf Ihre Anforderung anpassbar, unterst\u00fctzt Mehrsprachigkeit, Suchmaschinenoptimierung (SEO) und kann optional einfach um Google Analytics erweitert werden. Egal welche Informationen Sie auf Ihrer Webseite ver\u00f6ffentlichen wollen &#8211; ob Text, Bilder, Anfahrtskarten oder Zitate &#8211; alles mit nur wenigen Klicks m\u00f6glich.<\/p>\n<p>Das Design des Templates wurde so angelegt, um Ihnen maximale Flexibilit\u00e4t zu erm\u00f6glichen und gleichzeitig ein einheitliches Design \u00fcber die gesamte Webseite zu gew\u00e4hrleisten. Dies wird erreicht, indem jede Seite flexibel aus einer Vielzahl von vordefinierten Bausteien, sogenannten Sektionen erstellt werden kann. Die Anordnung der Sektionen ist frei per drag-and-drop w\u00e4hlbar. Alle Sektionen verf\u00fcgen \u00fcber spezifische Einstellungen, teilen jedoch ein gemeinsames Design und gew\u00e4hrleisten so ein einheitliches Bild. Zus\u00e4tzlich k\u00f6nnen Sie f\u00fcr jede Seite w\u00e4hlen, ob die Sektionen beim Herunterscrollen per &#8218;Lazyload&#8216; sichtbar werden.<\/p>\n<p>Um besonders sensitiven Inhalt zu sch\u00fctzen, k\u00f6nnen Sie jede Seite individuell mit nur einem Klick mit einem komplexen Passwortschutz versehen, der den gesamten Inhalt sch\u00fctzt und erst nach erfolgreicher Passwort-Eingabe entschl\u00fcsselt.<\/p>\n<p>Selbstverst\u00e4ndlich verf\u00fcgt dieses Template auch \u00fcber eine Webseiten-weite Suchfunktionen, mit der Sie einfach nach bestimmten Textst\u00fccken suchen k\u00f6nnen. Die Suchergebnisse werden \u00fcbersichtlich gruppiert.<\/p>\n<h4>Manual \/ Lizenz<\/h4>\n<p><a href=\"https:\/\/pwtemplates.de\/wp-content\/uploads\/2017\/06\/Manual-didhavn-loremipsum-onepage-v1.0.1.pdf\">Manual-didhavn-loremipsum-onepage-v1.0.1<\/a><br \/>\n<a href=\"https:\/\/pwtemplates.de\/wp-content\/uploads\/2017\/06\/License-didhavn-loremipsum-onepage-v1.0.1.txt\">License-didhavn-loremipsum-onepage-v1.0.1<\/a><\/p>\n","protected":false},"excerpt":{"rendered":"<h4>Schnelle Fakten<\/h4>\n<ul>\n<li>basiert auf dem leistungsstarken und flexiblen CMS ProcessWire 3.xx.x<\/li>\n<li>Design komplett responsive<\/li>\n<li>unterst\u00fctzt mehrere Sprachen<\/li>\n<li>vollst\u00e4ndige SEO Unterst\u00fctzung<\/li>\n<li>optionale Google Analytics Unterst\u00fctzung<\/li>\n<li>erstelle einfach neue Seiten durch vordefinierte und -designte Sektionen<\/li>\n<li>optionaler Lazyload beim Runterscrollen<\/li>\n<li>Text-Suchfunktion<\/li>\n<li>optionaler, komplexer Passwortschutz f\u00fcr jede Seite mit Blindtexten und verpixelten Bildern<\/li>\n<\/ul>\n<p>&nbsp;<\/p>\n<p><em>Aufgrund des Kleinunternehmerstatus gem. \u00a7 19 UStG erheben wir keine Mehrwertsteuer und weisen sie somit nicht aus. Alle im Onlineshop genannten Preise, dazu z\u00e4hlen auch die Kosten f\u00fcr Liefer- und Versandkosten, sind Endpreise.<\/em><\/p>\n","protected":false},"featured_media":53,"comment_status":"open","ping_status":"closed","template":"","meta":{"_mi_skip_tracking":false},"product_cat":[33,27],"product_tag":[30,35,25,28,29,22],"yoast_head":"<!-- This site is optimized with the Yoast SEO plugin v19.14 - https:\/\/yoast.com\/wordpress\/plugins\/seo\/ -->\n<title>LoremIpsum Onepage Template - PWTEMPLATES<\/title>\n<meta name=\"robots\" content=\"index, follow, max-snippet:-1, max-image-preview:large, max-video-preview:-1\" \/>\n<link rel=\"canonical\" href=\"https:\/\/pwtemplates.de\/?product=loremipsum-onepage-template-de&lang=de\" \/>\n<meta property=\"og:locale\" content=\"de_DE\" \/>\n<meta property=\"og:type\" content=\"article\" \/>\n<meta property=\"og:title\" content=\"LoremIpsum Onepage Template - PWTEMPLATES\" \/>\n<meta property=\"og:description\" content=\"Schnelle Fakten   basiert auf dem leistungsstarken und flexiblen CMS ProcessWire 3.xx.x  Design komplett responsive  unterst\u00fctzt mehrere Sprachen  vollst\u00e4ndige SEO Unterst\u00fctzung  optionale Google Analytics Unterst\u00fctzung  erstelle einfach neue Seiten durch vordefinierte und -designte Sektionen  optionaler Lazyload beim Runterscrollen  Text-Suchfunktion  optionaler, komplexer Passwortschutz f\u00fcr jede Seite mit Blindtexten und verpixelten Bildern  &nbsp;  Aufgrund des Kleinunternehmerstatus gem. \u00a7 19 UStG erheben wir keine Mehrwertsteuer und weisen sie somit nicht aus. Alle im Onlineshop genannten Preise, dazu z\u00e4hlen auch die Kosten f\u00fcr Liefer- und Versandkosten, sind Endpreise.\" \/>\n<meta property=\"og:url\" content=\"https:\/\/pwtemplates.de\/?product=loremipsum-onepage-template-de&amp;lang=de\" \/>\n<meta property=\"og:site_name\" content=\"PWTEMPLATES\" \/>\n<meta property=\"article:modified_time\" content=\"2018-01-25T17:20:26+00:00\" \/>\n<meta property=\"og:image\" content=\"https:\/\/pwtemplates.de\/wp-content\/uploads\/2017\/05\/000_didhavn-loremipsum-onepage.jpg\" \/>\n\t<meta property=\"og:image:width\" content=\"1263\" \/>\n\t<meta property=\"og:image:height\" content=\"675\" \/>\n\t<meta property=\"og:image:type\" content=\"image\/jpeg\" \/>\n<meta name=\"twitter:card\" content=\"summary_large_image\" \/>\n<meta name=\"twitter:label1\" content=\"Gesch\u00e4tzte Lesezeit\" \/>\n\t<meta name=\"twitter:data1\" content=\"1 Minute\" \/>\n<script type=\"application\/ld+json\" class=\"yoast-schema-graph\">{\"@context\":\"https:\/\/schema.org\",\"@graph\":[{\"@type\":\"WebPage\",\"@id\":\"https:\/\/pwtemplates.de\/?product=loremipsum-onepage-template-de&lang=de\",\"url\":\"https:\/\/pwtemplates.de\/?product=loremipsum-onepage-template-de&lang=de\",\"name\":\"LoremIpsum Onepage Template - PWTEMPLATES\",\"isPartOf\":{\"@id\":\"https:\/\/pwtemplates.de\/#website\"},\"datePublished\":\"2017-06-17T06:17:45+00:00\",\"dateModified\":\"2018-01-25T17:20:26+00:00\",\"breadcrumb\":{\"@id\":\"https:\/\/pwtemplates.de\/?product=loremipsum-onepage-template-de&lang=de#breadcrumb\"},\"inLanguage\":\"de-DE\",\"potentialAction\":[{\"@type\":\"ReadAction\",\"target\":[\"https:\/\/pwtemplates.de\/?product=loremipsum-onepage-template-de&lang=de\"]}]},{\"@type\":\"BreadcrumbList\",\"@id\":\"https:\/\/pwtemplates.de\/?product=loremipsum-onepage-template-de&lang=de#breadcrumb\",\"itemListElement\":[{\"@type\":\"ListItem\",\"position\":1,\"name\":\"Startseite\",\"item\":\"https:\/\/pwtemplates.de\/?lang=de\"},{\"@type\":\"ListItem\",\"position\":2,\"name\":\"Shop\",\"item\":\"https:\/\/pwtemplates.de\/?page_id=5&lang=de\"},{\"@type\":\"ListItem\",\"position\":3,\"name\":\"LoremIpsum Onepage Template\"}]},{\"@type\":\"WebSite\",\"@id\":\"https:\/\/pwtemplates.de\/#website\",\"url\":\"https:\/\/pwtemplates.de\/\",\"name\":\"PWTEMPLATES\",\"description\":\"processwire templates\",\"publisher\":{\"@id\":\"https:\/\/pwtemplates.de\/#organization\"},\"potentialAction\":[{\"@type\":\"SearchAction\",\"target\":{\"@type\":\"EntryPoint\",\"urlTemplate\":\"https:\/\/pwtemplates.de\/?s={search_term_string}\"},\"query-input\":\"required name=search_term_string\"}],\"inLanguage\":\"de-DE\"},{\"@type\":\"Organization\",\"@id\":\"https:\/\/pwtemplates.de\/#organization\",\"name\":\"didhavn coding\",\"url\":\"https:\/\/pwtemplates.de\/\",\"logo\":{\"@type\":\"ImageObject\",\"inLanguage\":\"de-DE\",\"@id\":\"https:\/\/pwtemplates.de\/#\/schema\/logo\/image\/\",\"url\":\"https:\/\/pwtemplates.de\/wp-content\/uploads\/2017\/07\/didhavn-current-200.png\",\"contentUrl\":\"https:\/\/pwtemplates.de\/wp-content\/uploads\/2017\/07\/didhavn-current-200.png\",\"width\":200,\"height\":200,\"caption\":\"didhavn coding\"},\"image\":{\"@id\":\"https:\/\/pwtemplates.de\/#\/schema\/logo\/image\/\"}}]}<\/script>\n<!-- \/ Yoast SEO plugin. -->","yoast_head_json":{"title":"LoremIpsum Onepage Template - PWTEMPLATES","robots":{"index":"index","follow":"follow","max-snippet":"max-snippet:-1","max-image-preview":"max-image-preview:large","max-video-preview":"max-video-preview:-1"},"canonical":"https:\/\/pwtemplates.de\/?product=loremipsum-onepage-template-de&lang=de","og_locale":"de_DE","og_type":"article","og_title":"LoremIpsum Onepage Template - PWTEMPLATES","og_description":"Schnelle Fakten   basiert auf dem leistungsstarken und flexiblen CMS ProcessWire 3.xx.x  Design komplett responsive  unterst\u00fctzt mehrere Sprachen  vollst\u00e4ndige SEO Unterst\u00fctzung  optionale Google Analytics Unterst\u00fctzung  erstelle einfach neue Seiten durch vordefinierte und -designte Sektionen  optionaler Lazyload beim Runterscrollen  Text-Suchfunktion  optionaler, komplexer Passwortschutz f\u00fcr jede Seite mit Blindtexten und verpixelten Bildern  &nbsp;  Aufgrund des Kleinunternehmerstatus gem. \u00a7 19 UStG erheben wir keine Mehrwertsteuer und weisen sie somit nicht aus. Alle im Onlineshop genannten Preise, dazu z\u00e4hlen auch die Kosten f\u00fcr Liefer- und Versandkosten, sind Endpreise.","og_url":"https:\/\/pwtemplates.de\/?product=loremipsum-onepage-template-de&lang=de","og_site_name":"PWTEMPLATES","article_modified_time":"2018-01-25T17:20:26+00:00","og_image":[{"width":1263,"height":675,"url":"https:\/\/pwtemplates.de\/wp-content\/uploads\/2017\/05\/000_didhavn-loremipsum-onepage.jpg","type":"image\/jpeg"}],"twitter_card":"summary_large_image","twitter_misc":{"Gesch\u00e4tzte Lesezeit":"1 Minute"},"schema":{"@context":"https:\/\/schema.org","@graph":[{"@type":"WebPage","@id":"https:\/\/pwtemplates.de\/?product=loremipsum-onepage-template-de&lang=de","url":"https:\/\/pwtemplates.de\/?product=loremipsum-onepage-template-de&lang=de","name":"LoremIpsum Onepage Template - PWTEMPLATES","isPartOf":{"@id":"https:\/\/pwtemplates.de\/#website"},"datePublished":"2017-06-17T06:17:45+00:00","dateModified":"2018-01-25T17:20:26+00:00","breadcrumb":{"@id":"https:\/\/pwtemplates.de\/?product=loremipsum-onepage-template-de&lang=de#breadcrumb"},"inLanguage":"de-DE","potentialAction":[{"@type":"ReadAction","target":["https:\/\/pwtemplates.de\/?product=loremipsum-onepage-template-de&lang=de"]}]},{"@type":"BreadcrumbList","@id":"https:\/\/pwtemplates.de\/?product=loremipsum-onepage-template-de&lang=de#breadcrumb","itemListElement":[{"@type":"ListItem","position":1,"name":"Startseite","item":"https:\/\/pwtemplates.de\/?lang=de"},{"@type":"ListItem","position":2,"name":"Shop","item":"https:\/\/pwtemplates.de\/?page_id=5&lang=de"},{"@type":"ListItem","position":3,"name":"LoremIpsum Onepage Template"}]},{"@type":"WebSite","@id":"https:\/\/pwtemplates.de\/#website","url":"https:\/\/pwtemplates.de\/","name":"PWTEMPLATES","description":"processwire templates","publisher":{"@id":"https:\/\/pwtemplates.de\/#organization"},"potentialAction":[{"@type":"SearchAction","target":{"@type":"EntryPoint","urlTemplate":"https:\/\/pwtemplates.de\/?s={search_term_string}"},"query-input":"required name=search_term_string"}],"inLanguage":"de-DE"},{"@type":"Organization","@id":"https:\/\/pwtemplates.de\/#organization","name":"didhavn coding","url":"https:\/\/pwtemplates.de\/","logo":{"@type":"ImageObject","inLanguage":"de-DE","@id":"https:\/\/pwtemplates.de\/#\/schema\/logo\/image\/","url":"https:\/\/pwtemplates.de\/wp-content\/uploads\/2017\/07\/didhavn-current-200.png","contentUrl":"https:\/\/pwtemplates.de\/wp-content\/uploads\/2017\/07\/didhavn-current-200.png","width":200,"height":200,"caption":"didhavn coding"},"image":{"@id":"https:\/\/pwtemplates.de\/#\/schema\/logo\/image\/"}}]}},"_links":{"self":[{"href":"https:\/\/pwtemplates.de\/index.php?rest_route=\/wp\/v2\/product\/67"}],"collection":[{"href":"https:\/\/pwtemplates.de\/index.php?rest_route=\/wp\/v2\/product"}],"about":[{"href":"https:\/\/pwtemplates.de\/index.php?rest_route=\/wp\/v2\/types\/product"}],"replies":[{"embeddable":true,"href":"https:\/\/pwtemplates.de\/index.php?rest_route=%2Fwp%2Fv2%2Fcomments&post=67"}],"wp:featuredmedia":[{"embeddable":true,"href":"https:\/\/pwtemplates.de\/index.php?rest_route=\/wp\/v2\/media\/53"}],"wp:attachment":[{"href":"https:\/\/pwtemplates.de\/index.php?rest_route=%2Fwp%2Fv2%2Fmedia&parent=67"}],"wp:term":[{"taxonomy":"product_cat","embeddable":true,"href":"https:\/\/pwtemplates.de\/index.php?rest_route=%2Fwp%2Fv2%2Fproduct_cat&post=67"},{"taxonomy":"product_tag","embeddable":true,"href":"https:\/\/pwtemplates.de\/index.php?rest_route=%2Fwp%2Fv2%2Fproduct_tag&post=67"}],"curies":[{"name":"wp","href":"https:\/\/api.w.org\/{rel}","templated":true}]}}